{"id":5620,"date":"2025-06-06T13:41:12","date_gmt":"2025-06-06T11:41:12","guid":{"rendered":"https:\/\/upmservice.eu\/?page_id=5620"},"modified":"2025-08-20T13:50:32","modified_gmt":"2025-08-20T11:50:32","slug":"spawalnictwo","status":"publish","type":"page","link":"https:\/\/upmservice.eu\/?page_id=5620&lang=pl","title":{"rendered":"Spawalnictwo"},"content":{"rendered":"\t\t<div data-elementor-type=\"wp-page\" data-elementor-id=\"5620\" class=\"elementor elementor-5620\" data-elementor-post-type=\"page\">\n\t\t\t\t\t\t\t\t\t<section class=\"elementor-section elementor-top-section elementor-element elementor-element-1d98f5c elementor-section-stretched elementor-section-content-middle elementor-section-boxed elementor-section-height-default elementor-section-height-default\" data-id=\"1d98f5c\" data-element_type=\"section\" data-settings=\"{&quot;stretch_section&quot;:&quot;section-stretched&quot;}\">\n\t\t\t\t\t\t<div class=\"elementor-container elementor-column-gap-wider\">\n\t\t\t\t\t<div class=\"elementor-column elementor-col-100 elementor-top-column elementor-element elementor-element-7eade21\" data-id=\"7eade21\" data-element_type=\"column\">\n\t\t\t<div class=\"elementor-widget-wrap elementor-element-populated\">\n\t\t\t\t\t\t\t\t<section class=\"elementor-section elementor-inner-section elementor-element elementor-element-ab78339 elementor-section-boxed elementor-section-height-default elementor-section-height-default\" data-id=\"ab78339\" data-element_type=\"section\">\n\t\t\t\t\t\t<div class=\"elementor-container elementor-column-gap-wider\">\n\t\t\t\t\t<div class=\"elementor-column elementor-col-100 elementor-inner-column elementor-element elementor-element-a3214ee\" data-id=\"a3214ee\" data-element_type=\"column\">\n\t\t\t<div class=\"elementor-widget-wrap elementor-element-populated\">\n\t\t\t\t\t\t\t\t<div class=\"elementor-element elementor-element-7c170f5 elementor-widget elementor-widget-text-editor\" data-id=\"7c170f5\" data-element_type=\"widget\" data-widget_type=\"text-editor.default\">\n\t\t\t\t<div class=\"elementor-widget-container\">\n\t\t\t\t\t\t\t<h2>Spawalnictwo \u2013 nowy dzia\u0142 oparty na do\u015bwiadczeniu<\/h2>\t\t\t\t\t\t<\/div>\n\t\t\t\t<\/div>\n\t\t\t\t<div class=\"elementor-element elementor-element-747bc5f elementor-widget elementor-widget-text-editor\" data-id=\"747bc5f\" data-element_type=\"widget\" data-widget_type=\"text-editor.default\">\n\t\t\t\t<div class=\"elementor-widget-container\">\n\t\t\t\t\t\t\t<h3>Jako\u015b\u0107, kt\u00f3rej ufamy \u2013 rozwi\u0105zania, kt\u00f3re polecamy<\/h3><p>Wieloletnie do\u015bwiadczenie naszej firmy w bran\u017cy konstrukcyjnej i metalowej zaowocowa\u0142o powstaniem nowego dzia\u0142u \u2013 <strong>sprzeda\u017cy materia\u0142\u00f3w i akcesori\u00f3w spawalniczych<\/strong>. Od pocz\u0105tku dzia\u0142alno\u015bci stawiamy na solidno\u015b\u0107, rzetelno\u015b\u0107 i wysok\u0105 jako\u015b\u0107 wykonania, co doceniaj\u0105 nasi klienci.<\/p><ul><li><strong>Znamy potrzeby bran\u017cy \u2013 bo sami w niej pracujemy.<\/strong><\/li><li><strong>Profesjonalne produkty \u2013 te same, na kt\u00f3rych pracujemy.<\/strong><\/li><\/ul><p>Na co dzie\u0144 korzystamy ze sprz\u0119tu i materia\u0142\u00f3w renomowanych producent\u00f3w. Teraz dzielimy si\u0119 tym, co najlepsze \u2013 oferuj\u0105c sprawdzone rozwi\u0105zania zar\u00f3wno dla firm, jak i klient\u00f3w indywidualnych.<\/p>\t\t\t\t\t\t<\/div>\n\t\t\t\t<\/div>\n\t\t\t\t<div class=\"elementor-element elementor-element-9d758d2 elementor-widget elementor-widget-text-editor\" data-id=\"9d758d2\" data-element_type=\"widget\" data-widget_type=\"text-editor.default\">\n\t\t\t\t<div class=\"elementor-widget-container\">\n\t\t\t\t\t\t\t<h3>Co oferujemy?<\/h3><ul><li>Sprzeda\u017c materia\u0142\u00f3w i akcesori\u00f3w spawalniczych<\/li><li>Naprawy urz\u0105dze\u0144 spawalniczych i osprz\u0119tu<\/li><li>Przegl\u0105dy techniczne i walidacje sprz\u0119tu<\/li><li>Doradztwo techniczne i pomoc w doborze rozwi\u0105za\u0144<\/li><\/ul><ul><li><strong>Nie tylko sprzedajemy \u2013 serwisujemy i wspieramy.<\/strong><\/li><li><strong>Z nami spawanie to pewno\u015b\u0107, jako\u015b\u0107 i bezpiecze\u0144stwo.<\/strong><\/li><\/ul>\t\t\t\t\t\t<\/div>\n\t\t\t\t<\/div>\n\t\t\t\t\t<\/div>\n\t\t<\/div>\n\t\t\t\t\t\t\t<\/div>\n\t\t<\/section>\n\t\t\t\t\t<\/div>\n\t\t<\/div>\n\t\t\t\t\t\t\t<\/div>\n\t\t<\/section>\n\t\t\t\t<section class=\"elementor-section elementor-top-section elementor-element elementor-element-45477d0 elementor-section-boxed elementor-section-height-default elementor-section-height-default\" data-id=\"45477d0\" data-element_type=\"section\" data-settings=\"{&quot;background_background&quot;:&quot;classic&quot;}\">\n\t\t\t\t\t\t<div class=\"elementor-container elementor-column-gap-default\">\n\t\t\t\t\t<div class=\"elementor-column elementor-col-100 elementor-top-column elementor-element elementor-element-68b21a9\" data-id=\"68b21a9\" data-element_type=\"column\">\n\t\t\t<div class=\"elementor-widget-wrap elementor-element-populated\">\n\t\t\t\t\t\t\t\t<div class=\"elementor-element elementor-element-2a7220e elementor-widget elementor-widget-text-editor\" data-id=\"2a7220e\" data-element_type=\"widget\" data-widget_type=\"text-editor.default\">\n\t\t\t\t<div class=\"elementor-widget-container\">\n\t\t\t\t\t\t\t<h2><em>Masz pytania? Szukasz sprawdzonego sprz\u0119tu?<\/em><\/h2><h4 class=\"highlight\"><em>Zapraszamy do wsp\u00f3\u0142pracy \u2013 z nami spawanie to pewno\u015b\u0107 i jako\u015b\u0107 od pierwszego \u0142uku<\/em><\/h4>\t\t\t\t\t\t<\/div>\n\t\t\t\t<\/div>\n\t\t\t\t\t<\/div>\n\t\t<\/div>\n\t\t\t\t\t\t\t<\/div>\n\t\t<\/section>\n\t\t\t\t<section class=\"elementor-section elementor-top-section elementor-element elementor-element-b0b1db8 elementor-section-boxed elementor-section-height-default elementor-section-height-default\" data-id=\"b0b1db8\" data-element_type=\"section\" data-settings=\"{&quot;background_background&quot;:&quot;classic&quot;}\">\n\t\t\t\t\t\t<div class=\"elementor-container elementor-column-gap-default\">\n\t\t\t\t\t<div class=\"elementor-column elementor-col-100 elementor-top-column elementor-element elementor-element-e050a33\" data-id=\"e050a33\" data-element_type=\"column\">\n\t\t\t<div class=\"elementor-widget-wrap elementor-element-populated\">\n\t\t\t\t\t\t\t\t<div class=\"elementor-element elementor-element-2e3a121 elementor-widget elementor-widget-text-editor\" data-id=\"2e3a121\" data-element_type=\"widget\" data-widget_type=\"text-editor.default\">\n\t\t\t\t<div class=\"elementor-widget-container\">\n\t\t\t\t\t\t\t<h2>Osoby do kontaktu<\/h2>\t\t\t\t\t\t<\/div>\n\t\t\t\t<\/div>\n\t\t<div class=\"elementor-element elementor-element-ebb5148 e-grid e-con-boxed e-con e-parent\" data-id=\"ebb5148\" data-element_type=\"container\" data-settings=\"{&quot;container_type&quot;:&quot;grid&quot;,&quot;grid_rows_grid&quot;:{&quot;unit&quot;:&quot;fr&quot;,&quot;size&quot;:1,&quot;sizes&quot;:[]},&quot;grid_columns_grid&quot;:{&quot;unit&quot;:&quot;fr&quot;,&quot;size&quot;:2,&quot;sizes&quot;:[]},&quot;content_width&quot;:&quot;boxed&quot;,&quot;grid_outline&quot;:&quot;yes&quot;,&quot;grid_columns_grid_tablet&quot;:{&quot;unit&quot;:&quot;fr&quot;,&quot;size&quot;:&quot;&quot;,&quot;sizes&quot;:[]},&quot;grid_columns_grid_mobile&quot;:{&quot;unit&quot;:&quot;fr&quot;,&quot;size&quot;:1,&quot;sizes&quot;:[]},&quot;grid_rows_grid_tablet&quot;:{&quot;unit&quot;:&quot;fr&quot;,&quot;size&quot;:&quot;&quot;,&quot;sizes&quot;:[]},&quot;grid_rows_grid_mobile&quot;:{&quot;unit&quot;:&quot;fr&quot;,&quot;size&quot;:&quot;&quot;,&quot;sizes&quot;:[]},&quot;grid_auto_flow&quot;:&quot;row&quot;,&quot;grid_auto_flow_tablet&quot;:&quot;row&quot;,&quot;grid_auto_flow_mobile&quot;:&quot;row&quot;}\" data-core-v316-plus=\"true\">\n\t\t\t\t\t<div class=\"e-con-inner\">\n\t\t\t\t<div class=\"elementor-element elementor-element-9c709b5 elementor-widget elementor-widget-text-editor\" data-id=\"9c709b5\" data-element_type=\"widget\" data-widget_type=\"text-editor.default\">\n\t\t\t\t<div class=\"elementor-widget-container\">\n\t\t\t\t\t\t\t<div class=\"contact-person\"><h4>Hubert Mo\u017adzierz<\/h4><p>Kierownik ds. rozwoju biznesu\/<br \/>Business Development Manager<\/p><p>Tel: <a href=\"tel:+48537376760\">+48 537 376 760<\/a><br \/>Email: <a href=\"mailto:h.mozdzierz@upmservice.eu\">h.mozdzierz@upmservice.eu<\/a><\/p><\/div>\t\t\t\t\t\t<\/div>\n\t\t\t\t<\/div>\n\t\t\t\t<div class=\"elementor-element elementor-element-2a7c770 elementor-widget elementor-widget-text-editor\" data-id=\"2a7c770\" data-element_type=\"widget\" data-widget_type=\"text-editor.default\">\n\t\t\t\t<div class=\"elementor-widget-container\">\n\t\t\t\t\t\t\t<div class=\"contact-person\"><h4>Maria Jegierska<\/h4><p>Specjalista ds. handlowych\/<br \/>Verkaufsleiter\/<br \/>Sales manager<\/p><p>Tel: <a href=\"tel:+48530314513\">+48 530 314 513<\/a><br \/>Email: <a href=\"mailto:m.jegierska@upmservice.eu\">m.jegierska@upmservice.eu<\/a><\/p><\/div>\t\t\t\t\t\t<\/div>\n\t\t\t\t<\/div>\n\t\t\t\t\t<\/div>\n\t\t\t\t<\/div>\n\t\t\t\t\t<\/div>\n\t\t<\/div>\n\t\t\t\t\t\t\t<\/div>\n\t\t<\/section>\n\t\t\t\t<section class=\"elementor-section elementor-top-section elementor-element elementor-element-7c06621 elementor-section-stretched elementor-section-boxed elementor-section-height-default elementor-section-height-default\" data-id=\"7c06621\" data-element_type=\"section\" data-settings=\"{&quot;stretch_section&quot;:&quot;section-stretched&quot;,&quot;background_background&quot;:&quot;classic&quot;}\">\n\t\t\t\t\t\t<div class=\"elementor-container elementor-column-gap-wider\">\n\t\t\t\t\t<div class=\"elementor-column elementor-col-100 elementor-top-column elementor-element elementor-element-b9d7cfd\" data-id=\"b9d7cfd\" data-element_type=\"column\" data-settings=\"{&quot;background_background&quot;:&quot;classic&quot;}\">\n\t\t\t<div class=\"elementor-widget-wrap elementor-element-populated\">\n\t\t\t\t\t\t\t\t<div class=\"elementor-element elementor-element-9c55c91 elementor-widget elementor-widget-heading\" data-id=\"9c55c91\" data-element_type=\"widget\" data-widget_type=\"heading.default\">\n\t\t\t\t<div class=\"elementor-widget-container\">\n\t\t\t<h2 class=\"elementor-heading-title elementor-size-default\">Skontaktuj si\u0119 z nami!<\/h2>\t\t<\/div>\n\t\t\t\t<\/div>\n\t\t\t\t<div class=\"elementor-element elementor-element-ec81da8 elementor-align-center elementor-widget elementor-widget-the7_button_widget\" data-id=\"ec81da8\" data-element_type=\"widget\" data-widget_type=\"the7_button_widget.default\">\n\t\t\t\t<div class=\"elementor-widget-container\">\n\t\t\t<div class=\"elementor-button-wrapper\"><a href=\"https:\/\/upmservice.eu\/?page_id=1644&#038;lang=pl\" class=\"box-button elementor-button elementor-size-lg\">Skontaktuj si\u0119<\/a><\/div>\t\t<\/div>\n\t\t\t\t<\/div>\n\t\t\t\t\t<\/div>\n\t\t<\/div>\n\t\t\t\t\t\t\t<\/div>\n\t\t<\/section>\n\t\t<div class=\"elementor-element elementor-element-0cef424 e-flex e-con-boxed e-con e-parent\" data-id=\"0cef424\" data-element_type=\"container\" data-settings=\"{&quot;container_type&quot;:&quot;flex&quot;,&quot;content_width&quot;:&quot;boxed&quot;}\" data-core-v316-plus=\"true\">\n\t\t\t\t\t<div class=\"e-con-inner\">\n\t\t\t\t\t<\/div>\n\t\t\t\t<\/div>\n\t\t\t\t\t\t\t<\/div>\n\t\t","protected":false},"excerpt":{"rendered":"<p>Spawalnictwo \u2013 nowy dzia\u0142 oparty na do\u015bwiadczeniu Jako\u015b\u0107, kt\u00f3rej ufamy \u2013 rozwi\u0105zania, kt\u00f3re polecamy Wieloletnie do\u015bwiadczenie naszej firmy w bran\u017cy konstrukcyjnej i metalowej zaowocowa\u0142o powstaniem nowego dzia\u0142u \u2013 sprzeda\u017cy materia\u0142\u00f3w i akcesori\u00f3w spawalniczych. Od pocz\u0105tku dzia\u0142alno\u015bci stawiamy na solidno\u015b\u0107, rzetelno\u015b\u0107 i wysok\u0105 jako\u015b\u0107 wykonania, co doceniaj\u0105 nasi klienci. Znamy potrzeby bran\u017cy \u2013 bo sami w&hellip;<\/p>\n","protected":false},"author":3,"featured_media":716,"parent":0,"menu_order":15,"comment_status":"closed","ping_status":"closed","template":"","meta":{"inline_featured_image":false,"footnotes":""},"_links":{"self":[{"href":"https:\/\/upmservice.eu\/index.php?rest_route=\/wp\/v2\/pages\/5620"}],"collection":[{"href":"https:\/\/upmservice.eu\/index.php?rest_route=\/wp\/v2\/pages"}],"about":[{"href":"https:\/\/upmservice.eu\/index.php?rest_route=\/wp\/v2\/types\/page"}],"author":[{"embeddable":true,"href":"https:\/\/upmservice.eu\/index.php?rest_route=\/wp\/v2\/users\/3"}],"replies":[{"embeddable":true,"href":"https:\/\/upmservice.eu\/index.php?rest_route=%2Fwp%2Fv2%2Fcomments&post=5620"}],"version-history":[{"count":36,"href":"https:\/\/upmservice.eu\/index.php?rest_route=\/wp\/v2\/pages\/5620\/revisions"}],"predecessor-version":[{"id":5662,"href":"https:\/\/upmservice.eu\/index.php?rest_route=\/wp\/v2\/pages\/5620\/revisions\/5662"}],"wp:featuredmedia":[{"embeddable":true,"href":"https:\/\/upmservice.eu\/index.php?rest_route=\/wp\/v2\/media\/716"}],"wp:attachment":[{"href":"https:\/\/upmservice.eu\/index.php?rest_route=%2Fwp%2Fv2%2Fmedia&parent=5620"}],"curies":[{"name":"wp","href":"https:\/\/api.w.org\/{rel}","templated":true}]}}